{"id":931,"date":"2017-04-07T18:28:42","date_gmt":"2017-04-07T16:28:42","guid":{"rendered":"https:\/\/mathematicum.univ-pau.fr\/site\/?page_id=931"},"modified":"2017-04-10T22:04:54","modified_gmt":"2017-04-10T20:04:54","slug":"math-en-jeans-2017-les-sujets-colleges-lycees-universites","status":"publish","type":"page","link":"https:\/\/mathematicum.univ-pau.fr\/site\/projets-math-en-jeans\/congres-maths-en-jeans-2017-nouvelle-aquitaine\/math-en-jeans-2017-les-sujets-colleges-lycees-universites\/","title":{"rendered":"Les sujets (coll\u00e8ges, lyc\u00e9es, universit\u00e9s)"},"content":{"rendered":"<p><a href=\"https:\/\/mathematicum.univ-pau.fr\/site\/wp-content\/uploads\/2017\/03\/congres-math.en_.jeans-2017.png\"><img loading=\"lazy\" decoding=\"async\" class=\"alignright size-thumbnail wp-image-738\" src=\"https:\/\/mathematicum.univ-pau.fr\/site\/wp-content\/uploads\/2017\/03\/congres-math.en_.jeans-2017-106x150.png\" alt=\"\" width=\"106\" height=\"150\" srcset=\"https:\/\/mathematicum.univ-pau.fr\/site\/wp-content\/uploads\/2017\/03\/congres-math.en_.jeans-2017-106x150.png 106w, https:\/\/mathematicum.univ-pau.fr\/site\/wp-content\/uploads\/2017\/03\/congres-math.en_.jeans-2017-212x300.png 212w, https:\/\/mathematicum.univ-pau.fr\/site\/wp-content\/uploads\/2017\/03\/congres-math.en_.jeans-2017-724x1024.png 724w, https:\/\/mathematicum.univ-pau.fr\/site\/wp-content\/uploads\/2017\/03\/congres-math.en_.jeans-2017-624x883.png 624w, https:\/\/mathematicum.univ-pau.fr\/site\/wp-content\/uploads\/2017\/03\/congres-math.en_.jeans-2017.png 842w\" sizes=\"auto, (max-width: 106px) 100vw, 106px\" \/><\/a>Il y a eu <strong>76 expos\u00e9s<\/strong> durant le <a href=\"https:\/\/mathematicum.univ-pau.fr\/site\/projets-math-en-jeans\/congres-maths-en-jeans-2017-nouvelle-aquitaine\/\">congr\u00e8s\u00a0MATh.en.JEANS 2017<\/a>.<\/p>\n<p>Certains sujets apparaissent plusieurs fois dans diff\u00e9rents coll\u00e8ges ou \u00e0 diff\u00e9rents niveaux avec le m\u00eame th\u00e8me trait\u00e9 par des coll\u00e9giens et des lyc\u00e9ens. Ce type de configurations a donn\u00e9 lieu \u00e0 d&rsquo;int\u00e9ressants \u00e9changes entre les \u00e9l\u00e8ves.<\/p>\n<p><a href=\"https:\/\/mathematicum.univ-pau.fr\/site\/wp-content\/uploads\/2017\/04\/programmemejpauversion_7.pdf\">Programme du congr\u00e8s<\/a><\/p>\n<h2>Sujets trait\u00e9s dans les coll\u00e8ges<\/h2>\n<ul>\n<li><strong>\u00c9tonnant, non ?<\/strong>, Coll\u00e8ge Eug\u00e8ne Delacroix (Saint Amant de Boixe), Coll\u00e8ge Jean Rostand (La Rochefoucauld)<\/li>\n<li><strong>Histoires de calendrier<\/strong>, Coll\u00e8ge Fernand Garandeau (La Tremblade), Coll\u00e8ge Grimaux (Rochefort)<\/li>\n<li><strong>Maudite petite s\u0153ur&#8230;<\/strong>, Coll\u00e8ge Jules Verne (Angoul\u00eame), Coll\u00e8ge Elisabeth et Robert Badinter (La Couronne)<\/li>\n<li><strong>Coup de foudre<\/strong>, Coll\u00e8ge Eug\u00e8ne Delacroix (Saint Amant de Boixe), \u00a0Coll\u00e8ge Jean Rostand (La Rochefoucauld)<\/li>\n<li><strong>La roulette de Kac<\/strong>, Coll\u00e8ge Georges Pompidou (Cajarc), Lyc\u00e9e Raymond Savignac (Villefranche de Rouergue)<\/li>\n<li><strong>Sondages sur un texte litt\u00e9raire<\/strong>, Coll\u00e8ge Georges Pompidou (Cajarc), Lyc\u00e9e Raymond Savignac (Villefranche de Rouergue)<\/li>\n<li><strong>Le gazole co\u00fbte cher<\/strong>, Coll\u00e8ge Eug\u00e8ne Delacroix (Saint Amant de Boixe), Coll\u00e8ge Jean Rostand (La Rochefoucauld)<\/li>\n<li><strong>Beaucoup de vin sur un grand terrain<\/strong>,\u00a0Coll\u00e8ge Henri de Navarre (Coutras), Coll\u00e8ge Paul-Emile Victor (Branne)<\/li>\n<li><strong>Les suites de Fibonacci en biologie<\/strong>, Coll\u00e8ge Georges Pompidou (Cajarc), Lyc\u00e9e Raymond Savignac (Villefranche de Rouergue)<\/li>\n<li><strong>Coup de foudre&#8230;<\/strong>, Coll\u00e8ge Jules Verne (Angoul\u00eame), Coll\u00e8ge Elisabeth et Robert Badinter (La Couronne)<\/li>\n<li><strong>Tous en ronde\u2026<\/strong>, Coll\u00e8ge Jules Verne (Angoul\u00eame), Coll\u00e8ge Elisabeth et Robert Badinter (La Couronne)<\/li>\n<li><strong>\u00c9l\u00e9ments de g\u00e9om\u00e9trie du monde v\u00e9g\u00e9tal<\/strong>, Coll\u00e8ge Jean Rostand (Mont-de-Marsan), Coll\u00e8ge Victor Duruy (Mont-de-Marsan)<\/li>\n<li><strong>Origami et solides<\/strong>, Coll\u00e8ge Gaston Febus (Orthez), Coll\u00e8ge Reine Sancie (Sauveterre de B\u00e9arn)<\/li>\n<li><strong>Arbre de Brocot et calendrier<\/strong>, Coll\u00e8ge Gaston Febus (Orthez)<\/li>\n<li><strong>M\u00e9thode compression &#8211; observation des r\u00e9p\u00e9titions<\/strong>, Coll\u00e8ge d\u2019Istrie (Prayssac), Coll\u00e8ge la Garenne (Gramat)<\/li>\n<li><strong>M\u00e9thode compression &#8211; ondelettes Haar \u00e0 1 variable<\/strong>, Coll\u00e8ge d\u2019Istrie (Prayssac), Coll\u00e8ge la Garenne (Gramat)<\/li>\n<li><strong>Vendredi 13<\/strong>, Coll\u00e8ge Jules Verne (Angoul\u00eame), Coll\u00e8ge Elisabeth et Robert Badinter (La Couronne)<\/li>\n<li><strong>Le gazole co\u00fbte cher&#8230;<\/strong>, Coll\u00e8ge Jules Verne (Angoul\u00eame), Coll\u00e8ge Elisabeth et Robert Badinter (La Couronne)<\/li>\n<li><strong>Tailladons le collier de maman<\/strong>, Coll\u00e8ge Notre Dame Bordeaux<\/li>\n<li><strong>Vendredi 13<\/strong>, Coll\u00e8ge Eug\u00e8ne Delacroix (Saint Amant de Boixe), Coll\u00e8ge Jean Rostand (La Rochefoucauld)<\/li>\n<li><strong>T\u00e9tra\u00e8dres \u00e0 peindre<\/strong>, Coll\u00e8ge Fernand Garandeau (La Tremblade), Coll\u00e8ge Grimaux (Rochefort)<\/li>\n<li><strong>Des z\u00e9ros et des z\u00e9ros&#8230;<\/strong>, Coll\u00e8ge Fernand Garandeau (La Tremblade), Coll\u00e8ge Grimaux (Rochefort)<\/li>\n<li><strong>Le th\u00e9or\u00e8me de Pick<\/strong>, Coll\u00e8ge de Marciac (Marciac)<\/li>\n<li><strong>Un tableau pas tr\u00e8s bien attach\u00e9<\/strong>, Coll\u00e8ge Henri de Navarre (Coutras), Coll\u00e8ge Paul-Emile Victor (Branne)<\/li>\n<li><strong>Jeu des b\u00e2tonnets<\/strong>,\u00a0Coll\u00e8ge Henri de Navarre (Coutras), Coll\u00e8ge Paul-Emile Victor (Branne)<\/li>\n<li><strong>Compter le nombre de poissons dans un lac<\/strong>, Coll\u00e8ge Louisa Paulin (Muret)<\/li>\n<li><strong>Maudite petite soeur<\/strong>, Coll\u00e8ge Eug\u00e8ne Delacroix (Saint Amant de Boixe), Coll\u00e8ge Jean Rostand (La Rochefoucauld)<\/li>\n<li><strong>Tous en ronde<\/strong>, Coll\u00e8ge Eug\u00e8ne Delacroix (Saint Amant de Boixe), Coll\u00e8ge Jean Rostand (La Rochefoucauld)<\/li>\n<li><strong>Rotations<\/strong>, Lyc\u00e9e Louis Barthou (Pau), Lyc\u00e9e Saint-John Perse( Pau)<\/li>\n<li><strong>Distance entre deux points sur une surface fractale<\/strong>, Lyc\u00e9e Jacques Monod (Lescar)<\/li>\n<li><strong>Et pour cela pr\u00e9f\u00e8re l\u2019impair<\/strong>, Coll\u00e8ge Grimaux (Rochefort)<\/li>\n<li><strong>Modelisations des jeux de cartes a collectionner<\/strong>, Coll\u00e8ge G\u00e9rard Philipe (Pessac)<\/li>\n<\/ul>\n<h2>Sujets trait\u00e9s dans les lyc\u00e9es<\/h2>\n<ul>\n<li><strong>C\u2019est carr\u00e9ment carr\u00e9<\/strong>, Lyc\u00e9e Gustave Eiffel (Bordeaux)<\/li>\n<li><strong>Le plus loin sur le cube<\/strong>, Lyc\u00e9e Vicat (Souillac), Lyc\u00e9e L\u00e9o Ferr\u00e9 (Gourdon)<\/li>\n<li><strong>Probl\u00e8me de la Jeep\u00a0I<\/strong>,\u00a0Lyc\u00e9e Limosin (Limoges)<\/li>\n<li><strong>Probl\u00e8me de la Jeep\u00a0II<\/strong>, Lyc\u00e9e Limosin (Limoges)<\/li>\n<li><strong>Le comptable,<\/strong> Lyc\u00e9e Cordouan (Royan)<\/li>\n<li><strong>Pi\u00e8ce et juke box<\/strong>, Lyc\u00e9e Pierre d\u2019Aragon (Muret), Lyc\u00e9e Charles de Gaulle (Muret)<\/li>\n<li><strong>Sch\u00e9ma de d\u00e9verrouillage Android<\/strong>, Lyc\u00e9e Br\u00e9montier (Bordeaux), Lyc\u00e9e Jaufr\u00e9 Rudel (Blaye)<\/li>\n<li><strong>Th\u00e9or\u00e8me du Futurama<\/strong>, Lyc\u00e9e Louis Barthou (Pau), Lyc\u00e9e Saint-John Perse( Pau)<\/li>\n<li><strong>Jeu du m\u00e9tro<\/strong>, Lyc\u00e9e Cordouan (Royan), Lyc\u00e9e Valin (La Rochelle)<\/li>\n<li><strong>Les \u00e9quations de degr\u00e9s deux et trois<\/strong>, Lyc\u00e9e Bagatelle (Saint Gaudens)<\/li>\n<li><strong>Approximations des nombres r\u00e9els<\/strong>, Lyc\u00e9e Bagatelle (Saint Gaudens)<\/li>\n<li><strong>Pr\u00e9ambule au petit th\u00e9or\u00e8me de Fermat<\/strong>, Lyc\u00e9e Bagatelle (Saint Gaudens)<\/li>\n<li><strong>Le petit th\u00e9or\u00e8me de Fermat<\/strong>, Lyc\u00e9e Bagatelle (Saint Gaudens)<\/li>\n<li><strong>La bataille des hydres<\/strong>, Lyc\u00e9e Alfred Kastler (Talence), Lyc\u00e9e Vaclav Havel (B\u00e8gles)<\/li>\n<li><strong>Le bestiaire de Marie Jos\u00e9<\/strong>, Lyc\u00e9e Vaclav Havel (B\u00e8gles), Lyc\u00e9e Alfred Kastler (Talence)<\/li>\n<li><strong>Cryptographie \u00e0 clef publique\u00a0I<\/strong>,\u00a0Lyc\u00e9e Renoir (Limoges), Lyc\u00e9e Limosin (Limoges)<\/li>\n<li><strong>Cryptographie \u00e0 clef publique\u00a0II<\/strong>,\u00a0Lyc\u00e9e Limosin (Limoges), Lyc\u00e9e Renoir (Limoges)<\/li>\n<li><strong>Codage<\/strong>, Lyc\u00e9e Br\u00e9montier (Bordeaux), Lyc\u00e9e Jaufr\u00e9 Rudel (Blaye)<\/li>\n<li><strong>\u00c9tude de la forme des alv\u00e9oles des abeilles<\/strong>, Lyc\u00e9e Jules Supervielle\u00a0(Oloron Sainte Marie)<\/li>\n<li><strong>Mr Discret sur sa plan\u00e8te<\/strong>,\u00a0Lyc\u00e9e Gustave Eiffel (Bordeaux)<\/li>\n<li><strong>Triangles num\u00e9riques parfaits<\/strong>, Lyc\u00e9e Vicat (Souillac), Lyc\u00e9e L\u00e9o Ferr\u00e9 (Gourdon)<\/li>\n<li><strong>Combien de plaques d\u2019immatriculation en Europe ?<\/strong><\/li>\n<li><strong>N chiffres 1 pour \u00e9crire les entiers de 1 \u00e0 N<\/strong>, Lyc\u00e9e Vicat (Souillac), Lyc\u00e9e L\u00e9o Ferr\u00e9 (Gourdon)<\/li>\n<li><strong>Y\u00a0a-t-il plus de vendredis 13 que de vendredis ?<\/strong>, Lyc\u00e9e Charles-Augustin Coulomb (Angoul\u00eame), Lyc\u00e9e Saint Paul (Angoul\u00eame)<\/li>\n<li><strong>Le gazole co\u00fbte cher&#8230;<\/strong>, Lyc\u00e9e Charles-Augustin Coulomb (Angoul\u00eame), Lyc\u00e9e Marguerite de Valois (Angoul\u00eame), Lyc\u00e9e Saint Paul (Angoul\u00eame)<\/li>\n<li><strong>Th\u00e9or\u00e8me de Pick<\/strong>, Lyc\u00e9e Limosin (Limoges)<\/li>\n<li><strong>On soustrait ou on divise ?<\/strong>, Lyc\u00e9e Notre Dame (Bordeaux), Lyc\u00e9e de la mer (Gujan Mestras)<\/li>\n<li><strong>Des sommets tr\u00e8s distingu\u00e9s&#8230;<\/strong>, Lyc\u00e9e de la mer (Gujan Mestras)<\/li>\n<li><strong>Jeu de pi\u00e8ces<\/strong>, Lyc\u00e9e Notre Dame (Bordeaux), Lyc\u00e9e de la mer (Gujan Mestras)<\/li>\n<li><strong>Le plus haut b\u00e9n\u00e9fice<\/strong>, Lyc\u00e9e Sud des Landes (Saint Vincent de Tyrosse)<\/li>\n<li><strong>Le plus bas co\u00fbt<\/strong>, Lyc\u00e9e Sud des Landes (Saint Vincent de Tyrosse)<\/li>\n<li><strong>Politique, quand tu nous tiens<\/strong>,\u00a0Lyc\u00e9e Sud M\u00e9doc (Le Taillan M\u00e9doc)<\/li>\n<li><strong>Contamination<\/strong>, Lyc\u00e9e Montaigne (Bordeaux), Lyc\u00e9e Sud M\u00e9doc (Le Taillan M\u00e9doc)<\/li>\n<li><strong>C\u2019est du lard<\/strong>,\u00a0Lyc\u00e9e Sud M\u00e9doc (Le Taillan M\u00e9doc), Lyc\u00e9e Montaigne (Bordeaux)<\/li>\n<li><strong>Le jeu de Sim<\/strong>, Lyc\u00e9e de la mer et du littoral (Bourcefranc-le-Chapus), Lyc\u00e9e Merleau-Ponty (Rochefort)<\/li>\n<li><strong>Ex nihilo, quelque chose<\/strong>,\u00a0Lyc\u00e9e de la mer et du littoral (Bourcefranc-le-Chapus)<\/li>\n<li><strong>Tour de magie sur 10 entiers de 1 \u00e0 100<\/strong>,\u00a0Lyc\u00e9e Gustave Eiffel (Bordeaux)<\/li>\n<li><strong>Le poulailler<\/strong>, Lyc\u00e9e Cordouan (Royan), Lyc\u00e9e Valin (La Rochelle)<\/li>\n<li><strong>L\u2019escargot<\/strong>, Lyc\u00e9e Cordouan (Royan)<\/li>\n<li><strong>Classement sportif<\/strong>, Lyc\u00e9e Charles de Gaulle (Muret)<\/li>\n<li><strong>Plus court chemin et labyrinthe (robotique)<\/strong>, Lyc\u00e9e Pierre d\u2019Aragon (Muret), Lyc\u00e9e Charles de Gaulle (Muret)<\/li>\n<li><strong>Le bon, la brute et le truand<\/strong>, Lyc\u00e9e Merleau-Ponty (Rochefort)<\/li>\n<\/ul>\n<h2>Sujets trait\u00e9s dans les universit\u00e9s<\/h2>\n<ul>\n<li><strong>Des points formidables<\/strong>, Universit\u00e9 de Bordeaux (Talence), Universit\u00e9 de La Rochelle<\/li>\n<li><strong>Black-jack<\/strong>, Universit\u00e9 de La Rochelle<\/li>\n<\/ul>\n","protected":false},"excerpt":{"rendered":"<p>Il y a eu 76 expos\u00e9s durant le congr\u00e8s\u00a0MATh.en.JEANS 2017. Certains sujets apparaissent plusieurs fois dans diff\u00e9rents coll\u00e8ges ou \u00e0 diff\u00e9rents niveaux avec le m\u00eame th\u00e8me trait\u00e9 par des coll\u00e9giens et des lyc\u00e9ens. Ce type de configurations a donn\u00e9 lieu \u00e0 d&rsquo;int\u00e9ressants \u00e9changes entre les \u00e9l\u00e8ves. Programme du congr\u00e8s Sujets trait\u00e9s dans les coll\u00e8ges \u00c9tonnant, [&hellip;]<\/p>\n","protected":false},"author":1,"featured_media":0,"parent":828,"menu_order":0,"comment_status":"closed","ping_status":"closed","template":"","meta":{"_acf_changed":false,"footnotes":""},"class_list":["post-931","page","type-page","status-publish","hentry"],"acf":[],"_links":{"self":[{"href":"https:\/\/mathematicum.univ-pau.fr\/site\/wp-json\/wp\/v2\/pages\/931","targetHints":{"allow":["GET"]}}],"collection":[{"href":"https:\/\/mathematicum.univ-pau.fr\/site\/wp-json\/wp\/v2\/pages"}],"about":[{"href":"https:\/\/mathematicum.univ-pau.fr\/site\/wp-json\/wp\/v2\/types\/page"}],"author":[{"embeddable":true,"href":"https:\/\/mathematicum.univ-pau.fr\/site\/wp-json\/wp\/v2\/users\/1"}],"replies":[{"embeddable":true,"href":"https:\/\/mathematicum.univ-pau.fr\/site\/wp-json\/wp\/v2\/comments?post=931"}],"version-history":[{"count":4,"href":"https:\/\/mathematicum.univ-pau.fr\/site\/wp-json\/wp\/v2\/pages\/931\/revisions"}],"predecessor-version":[{"id":988,"href":"https:\/\/mathematicum.univ-pau.fr\/site\/wp-json\/wp\/v2\/pages\/931\/revisions\/988"}],"up":[{"embeddable":true,"href":"https:\/\/mathematicum.univ-pau.fr\/site\/wp-json\/wp\/v2\/pages\/828"}],"wp:attachment":[{"href":"https:\/\/mathematicum.univ-pau.fr\/site\/wp-json\/wp\/v2\/media?parent=931"}],"curies":[{"name":"wp","href":"https:\/\/api.w.org\/{rel}","templated":true}]}}