{"id":8,"date":"2015-12-15T22:01:24","date_gmt":"2015-12-15T21:01:24","guid":{"rendered":"http:\/\/mathematicum.univ-pau.fr\/wp\/?page_id=8"},"modified":"2024-04-09T11:34:53","modified_gmt":"2024-04-09T09:34:53","slug":"partenaires","status":"publish","type":"page","link":"https:\/\/mathematicum.univ-pau.fr\/site\/partenaires\/","title":{"rendered":"Partenaires"},"content":{"rendered":"<p>Le <strong>Mathematicum<\/strong> est port\u00e9 par des enseignants-chercheurs de l&rsquo;<a href=\"http:\/\/www.univ-pau.fr\" target=\"_blank\" rel=\"noopener\">Universit\u00e9 de Pau et des Pays de l&rsquo;Adour<\/a> (UPPA), soutenu par :<\/p>\n<ul>\n<li>Le <a href=\"http:\/\/lma-umr5142.univ-pau.fr\" target=\"_blank\" rel=\"noopener\">Laboratoire de Math\u00e9matiques et leurs Applications<\/a>\u00a0(LMAP), \u00a0UMR 5142 UPPA\/CNRS<\/li>\n<\/ul>\n<p><a href=\"https:\/\/www.univ-pau.fr\/fr\/index.html\" target=\"_blank\" rel=\"noopener\"><img loading=\"lazy\" decoding=\"async\" class=\"size-full wp-image-165 aligncenter\" src=\"https:\/\/mathematicum.univ-pau.fr\/site\/wp-content\/uploads\/2015\/12\/logo-UPPA-150.png\" alt=\"UPPA\" width=\"150\" height=\"67\" \/><\/a><\/p>\n<p>Le <strong>Mathematicum <\/strong>re\u00e7oit le soutien financier de :<\/p>\n<ul>\n<li>La <a href=\"http:\/\/fondationblaisepascal.strikingly.com\/\" target=\"_blank\" rel=\"noopener\">Fondation Blaise Pascal<\/a><a href=\"http:\/\/fondationblaisepascal.strikingly.com\/\" target=\"_blank\" rel=\"noopener\"><img loading=\"lazy\" decoding=\"async\" class=\"aligncenter wp-image-1184\" src=\"https:\/\/mathematicum.univ-pau.fr\/site\/wp-content\/uploads\/2018\/04\/FBP-PIA.png\" alt=\"Fondation Blaise Pascal - Programme Investissement d'Avenir\" width=\"495\" height=\"75\" srcset=\"https:\/\/mathematicum.univ-pau.fr\/site\/wp-content\/uploads\/2018\/04\/FBP-PIA.png 625w, https:\/\/mathematicum.univ-pau.fr\/site\/wp-content\/uploads\/2018\/04\/FBP-PIA-150x23.png 150w, https:\/\/mathematicum.univ-pau.fr\/site\/wp-content\/uploads\/2018\/04\/FBP-PIA-300x46.png 300w, https:\/\/mathematicum.univ-pau.fr\/site\/wp-content\/uploads\/2018\/04\/FBP-PIA-624x95.png 624w\" sizes=\"auto, (max-width: 495px) 100vw, 495px\" \/><\/a><\/li>\n<li>La <a href=\"http:\/\/www.agglo-pau.fr\/\" target=\"_blank\" rel=\"noopener\">Communaut\u00e9 d&rsquo;Agglom\u00e9ration Pau B\u00e9arn Pyr\u00e9n\u00e9es<\/a><a href=\"http:\/\/www.agglo-pau.fr\/\" target=\"_blank\" rel=\"noopener\"><img loading=\"lazy\" decoding=\"async\" class=\"aligncenter size-full wp-image-1186\" src=\"https:\/\/mathematicum.univ-pau.fr\/site\/wp-content\/uploads\/2018\/04\/logo_ppp.png\" alt=\"Communaut\u00e9 d'Agglom\u00e9ration Pau B\u00e9arn Pyr\u00e9n\u00e9es\" width=\"208\" height=\"62\" srcset=\"https:\/\/mathematicum.univ-pau.fr\/site\/wp-content\/uploads\/2018\/04\/logo_ppp.png 208w, https:\/\/mathematicum.univ-pau.fr\/site\/wp-content\/uploads\/2018\/04\/logo_ppp-150x45.png 150w\" sizes=\"auto, (max-width: 208px) 100vw, 208px\" \/><\/a><\/li>\n<\/ul>\n<p>Nos\u00a0structures partenaires\u00a0sont\u00a0:<\/p>\n<table>\n<tbody>\n<tr>\n<td style=\"text-align: left; vertical-align: middle;\">\n<ul>\n<li><a href=\"http:\/\/www.ac-bordeaux.fr\/pid31028\/education-artistique-culturelle.html\" target=\"_blank\" rel=\"noopener\">D\u00e9l\u00e9gation Acad\u00e9mique aux Arts et \u00e0 la Culture<\/a>\u00a0(DAAC), Rectorat de Bordeaux<\/li>\n<\/ul>\n<\/td>\n<td style=\"text-align: center; vertical-align: middle;\"><img loading=\"lazy\" decoding=\"async\" class=\"aligncenter wp-image-173\" src=\"https:\/\/mathematicum.univ-pau.fr\/site\/wp-content\/uploads\/2015\/12\/daac-300x136.jpg\" alt=\"DAAC\" width=\"150\" height=\"68\" srcset=\"https:\/\/mathematicum.univ-pau.fr\/site\/wp-content\/uploads\/2015\/12\/daac-300x136.jpg 300w, https:\/\/mathematicum.univ-pau.fr\/site\/wp-content\/uploads\/2015\/12\/daac.jpg 595w\" sizes=\"auto, (max-width: 150px) 100vw, 150px\" \/><\/td>\n<\/tr>\n<tr>\n<td style=\"text-align: left; vertical-align: middle;\">\n<ul>\n<li>Association\u00a0<a href=\"http:\/\/anima-science.fr\/spip\/\" target=\"_blank\" rel=\"noopener\">Anima-Science<\/a><\/li>\n<\/ul>\n<\/td>\n<td style=\"text-align: center; vertical-align: middle;\"><img loading=\"lazy\" decoding=\"async\" class=\"aligncenter wp-image-176\" src=\"https:\/\/mathematicum.univ-pau.fr\/site\/wp-content\/uploads\/2015\/12\/anima-science.png\" alt=\"Anima-Science\" width=\"150\" height=\"18\" \/><\/td>\n<\/tr>\n<tr>\n<td style=\"text-align: left; vertical-align: middle;\">\n<ul>\n<li>Association\u00a0<a href=\"http:\/\/www.animath.fr\/\" target=\"_blank\" rel=\"noopener\">Animath<\/a><\/li>\n<\/ul>\n<\/td>\n<td style=\"text-align: center; vertical-align: middle;\"><img loading=\"lazy\" decoding=\"async\" class=\"alignright wp-image-1230 size-thumbnail\" src=\"https:\/\/mathematicum.univ-pau.fr\/site\/wp-content\/uploads\/2018\/05\/logo-animath-150x60.png\" alt=\"\" width=\"150\" height=\"60\" srcset=\"https:\/\/mathematicum.univ-pau.fr\/site\/wp-content\/uploads\/2018\/05\/logo-animath-150x60.png 150w, https:\/\/mathematicum.univ-pau.fr\/site\/wp-content\/uploads\/2018\/05\/logo-animath-300x120.png 300w, https:\/\/mathematicum.univ-pau.fr\/site\/wp-content\/uploads\/2018\/05\/logo-animath-624x249.png 624w, https:\/\/mathematicum.univ-pau.fr\/site\/wp-content\/uploads\/2018\/05\/logo-animath.png 671w\" sizes=\"auto, (max-width: 150px) 100vw, 150px\" \/><\/td>\n<\/tr>\n<tr>\n<td style=\"text-align: left; vertical-align: middle;\">\n<ul>\n<li>Association\u00a0<a href=\"http:\/\/www.germea.org\/\" target=\"_blank\" rel=\"noopener\">GERMEA<\/a><\/li>\n<\/ul>\n<\/td>\n<td style=\"text-align: center; vertical-align: middle;\"><img loading=\"lazy\" decoding=\"async\" class=\"aligncenter size-full wp-image-178\" src=\"https:\/\/mathematicum.univ-pau.fr\/site\/wp-content\/uploads\/2015\/12\/logo_Germea.png\" alt=\"GERMEA\" width=\"77\" height=\"77\" \/><\/td>\n<\/tr>\n<tr>\n<td style=\"text-align: left; vertical-align: middle;\">\n<ul>\n<li>Association\u00a0<a href=\"http:\/\/scienceouverte.fr\/\" target=\"_blank\" rel=\"noopener\">Science Ouverte<\/a><\/li>\n<\/ul>\n<\/td>\n<td style=\"text-align: center; vertical-align: middle;\"><img loading=\"lazy\" decoding=\"async\" class=\"aligncenter size-full wp-image-179\" src=\"https:\/\/mathematicum.univ-pau.fr\/site\/wp-content\/uploads\/2015\/12\/logo-science-ouverte.png\" alt=\"Science Ouverte\" width=\"107\" height=\"120\" \/><\/td>\n<\/tr>\n<\/tbody>\n<\/table>\n<p><em>Vous repr\u00e9sentez une association, une structure\u00a0\u00e9ducative ou culturelle, une fondation, et vous souhaitez\u00a0nous soutenir\u00a0? <a href=\"http:\/\/mathematicum.univ-pau.fr\/site\/contact\/\">Contactez-nous<\/a>.<\/em><\/p>\n","protected":false},"excerpt":{"rendered":"<p>Le Mathematicum est port\u00e9 par des enseignants-chercheurs de l&rsquo;Universit\u00e9 de Pau et des Pays de l&rsquo;Adour (UPPA), soutenu par : Le Laboratoire de Math\u00e9matiques et leurs Applications\u00a0(LMAP), \u00a0UMR 5142 UPPA\/CNRS Le Mathematicum re\u00e7oit le soutien financier de : La Fondation Blaise Pascal La Communaut\u00e9 d&rsquo;Agglom\u00e9ration Pau B\u00e9arn Pyr\u00e9n\u00e9es Nos\u00a0structures partenaires\u00a0sont\u00a0: D\u00e9l\u00e9gation Acad\u00e9mique aux Arts et [&hellip;]<\/p>\n","protected":false},"author":1,"featured_media":0,"parent":0,"menu_order":0,"comment_status":"closed","ping_status":"closed","template":"","meta":{"_acf_changed":false,"footnotes":""},"class_list":["post-8","page","type-page","status-publish","hentry"],"acf":[],"_links":{"self":[{"href":"https:\/\/mathematicum.univ-pau.fr\/site\/wp-json\/wp\/v2\/pages\/8","targetHints":{"allow":["GET"]}}],"collection":[{"href":"https:\/\/mathematicum.univ-pau.fr\/site\/wp-json\/wp\/v2\/pages"}],"about":[{"href":"https:\/\/mathematicum.univ-pau.fr\/site\/wp-json\/wp\/v2\/types\/page"}],"author":[{"embeddable":true,"href":"https:\/\/mathematicum.univ-pau.fr\/site\/wp-json\/wp\/v2\/users\/1"}],"replies":[{"embeddable":true,"href":"https:\/\/mathematicum.univ-pau.fr\/site\/wp-json\/wp\/v2\/comments?post=8"}],"version-history":[{"count":21,"href":"https:\/\/mathematicum.univ-pau.fr\/site\/wp-json\/wp\/v2\/pages\/8\/revisions"}],"predecessor-version":[{"id":1849,"href":"https:\/\/mathematicum.univ-pau.fr\/site\/wp-json\/wp\/v2\/pages\/8\/revisions\/1849"}],"wp:attachment":[{"href":"https:\/\/mathematicum.univ-pau.fr\/site\/wp-json\/wp\/v2\/media?parent=8"}],"curies":[{"name":"wp","href":"https:\/\/api.w.org\/{rel}","templated":true}]}}