{"id":25,"date":"2015-12-15T22:33:24","date_gmt":"2015-12-15T21:33:24","guid":{"rendered":"http:\/\/mathematicum.univ-pau.fr\/wp\/?page_id=25"},"modified":"2015-12-23T14:57:01","modified_gmt":"2015-12-23T13:57:01","slug":"ateliers-colleges-lycees","status":"publish","type":"page","link":"https:\/\/mathematicum.univ-pau.fr\/site\/ateliers-colleges-lycees\/","title":{"rendered":"Ateliers pour coll\u00e8ges et lyc\u00e9es"},"content":{"rendered":"<p>Les ateliers pour le cycle secondaire sont pr\u00e9vus pour une dur\u00e9e de 1 h \u00e0 3 h suivant le niveau de la classe et le temps disponible. Ils peuvent aussi se faire sur plusieurs s\u00e9ances.<\/p>\n<table>\n<tbody>\n<tr>\n<td style=\"text-align: left; vertical-align: middle;\">\n<h3>Origami : construction d&rsquo;objets g\u00e9om\u00e9triques en 3D<\/h3>\n<p>Avec des feuilles de papier, s&rsquo;apliquer \u00e0 r\u00e9aliser des pliages pour construire des assemblages g\u00e9om\u00e9triques. Notions de courbure, poly\u00e8dres, sommets, arr\u00eates, faces, caract\u00e9ristique\u00a0d&rsquo;Euler-Poincar\u00e9.<\/td>\n<td style=\"width: 160px; text-align: center; vertical-align: middle;\"><img loading=\"lazy\" decoding=\"async\" class=\"aligncenter size-thumbnail wp-image-187\" src=\"http:\/\/mathematicum.univ-pau.fr\/site\/wp-content\/uploads\/2015\/12\/origami-150x150.jpg\" alt=\"Origami\" width=\"150\" height=\"150\" \/><\/td>\n<\/tr>\n<tr>\n<td style=\"text-align: left; vertical-align: middle;\">\n<h3>\u00a0Pavages du plan<\/h3>\n<p>Utiliser des formes g\u00e9om\u00e9triques pour r\u00e9aliser des surfaces sans trous, d\u00e9couvrir certaines propri\u00e9t\u00e9s de ces formes. Notions de p\u00e9riodicit\u00e9, sommets, arr\u00eates, angles.<\/td>\n<td style=\"width: 160px; text-align: center; vertical-align: middle;\"><img loading=\"lazy\" decoding=\"async\" class=\"aligncenter size-thumbnail wp-image-185\" src=\"http:\/\/mathematicum.univ-pau.fr\/site\/wp-content\/uploads\/2015\/12\/pavage-150x150.png\" alt=\"Pavage\" width=\"150\" height=\"150\" \/><\/td>\n<\/tr>\n<tr>\n<td style=\"text-align: left; vertical-align: middle;\">\n<h3>Construction de poly\u00e8dres<\/h3>\n<p>Utiliser des formes g\u00e9om\u00e9triques qui peuvent se connecter entre-elles pour former des poly\u00e8dres r\u00e9guliers ou non, \u00e9toil\u00e9s, etc. Notions de sommets, arr\u00eates, faces, caract\u00e9ristiques d&rsquo;Euler-Poincar\u00e9.<\/td>\n<td style=\"width: 160px; text-align: center; vertical-align: middle;\"><img loading=\"lazy\" decoding=\"async\" class=\"aligncenter wp-image-188\" src=\"http:\/\/mathematicum.univ-pau.fr\/site\/wp-content\/uploads\/2015\/12\/polyedre.gif\" alt=\"Poly\u00e8dres\" width=\"150\" height=\"120\" \/><\/td>\n<\/tr>\n<tr>\n<td style=\"text-align: left; vertical-align: middle;\">\n<h3>Autour du Spirographe<\/h3>\n<p>Utiliser des jeux de spirographe pour r\u00e9aliser des figures artistiques et g\u00e9om\u00e9triques. Notions de cercle, ellipse, rayon, trajectoire, composition de mouvement, courbes param\u00e9triques.<\/td>\n<td style=\"width: 160px; text-align: center; vertical-align: middle;\"><img loading=\"lazy\" decoding=\"async\" class=\"aligncenter wp-image-189\" src=\"http:\/\/mathematicum.univ-pau.fr\/site\/wp-content\/uploads\/2015\/12\/spirographe.jpg\" alt=\"Spirographe\" width=\"150\" height=\"108\" \/><\/td>\n<\/tr>\n<tr>\n<td style=\"text-align: left; vertical-align: middle;\">\n<h3>Jeu de Hex et strat\u00e9gies gagnantes<\/h3>\n<p>D\u00e9couvrir le jeu de Hex, ses r\u00e8gles de base tr\u00e8s simples, et d\u00e9couvrir les strat\u00e9gies qui permettent de gagner \u00e0 tous les coups ! Notion d&rsquo;algorithmique, de r\u00e9cursivit\u00e9, de raisonnement par \u00e9tape, de g\u00e9n\u00e9ralisation\u2026<\/td>\n<td style=\"width: 160px; text-align: center; vertical-align: middle;\"><img loading=\"lazy\" decoding=\"async\" class=\"aligncenter wp-image-190\" src=\"http:\/\/mathematicum.univ-pau.fr\/site\/wp-content\/uploads\/2015\/12\/hex.png\" alt=\"Jeu de Hex\" width=\"151\" height=\"90\" srcset=\"https:\/\/mathematicum.univ-pau.fr\/site\/wp-content\/uploads\/2015\/12\/hex.png 320w, https:\/\/mathematicum.univ-pau.fr\/site\/wp-content\/uploads\/2015\/12\/hex-300x179.png 300w\" sizes=\"auto, (max-width: 151px) 100vw, 151px\" \/><\/td>\n<\/tr>\n<tr>\n<td style=\"text-align: left; vertical-align: middle;\">\n<h3>Les surfaces minimales<\/h3>\n<p>Utiliser des poly\u00e8dres et du liquide pour bulle de savon et r\u00e9aliser des bulles dont la surface est minimale. D\u00e9couvrir quelques propri\u00e9t\u00e9s des bulles. Notions de tension de surface, d&rsquo;angles, de surface, de formes optimales.<\/td>\n<td style=\"width: 160px; text-align: center; vertical-align: middle;\"><img loading=\"lazy\" decoding=\"async\" class=\"aligncenter wp-image-191 \" src=\"http:\/\/mathematicum.univ-pau.fr\/site\/wp-content\/uploads\/2015\/12\/seifert-300x200.jpg\" alt=\"Surfaces minimales\" width=\"150\" height=\"100\" srcset=\"https:\/\/mathematicum.univ-pau.fr\/site\/wp-content\/uploads\/2015\/12\/seifert-300x200.jpg 300w, https:\/\/mathematicum.univ-pau.fr\/site\/wp-content\/uploads\/2015\/12\/seifert.jpg 556w\" sizes=\"auto, (max-width: 150px) 100vw, 150px\" \/><\/td>\n<\/tr>\n<tr>\n<td style=\"text-align: left; vertical-align: middle;\">\n<h3>Nombres et g\u00e9om\u00e9trie<\/h3>\n<p>D\u00e9couvrir les nombres cach\u00e9s dans certains figures g\u00e9om\u00e9triques, des constructions g\u00e9om\u00e9triques qui permettent de fabriquer des nombres curieux. Notions de nombres entiers, fractionnaires, irrationnels, r\u00e9els.<\/td>\n<td style=\"width: 160px; text-align: center; vertical-align: middle;\"><img loading=\"lazy\" decoding=\"async\" class=\"aligncenter wp-image-192 size-thumbnail\" src=\"http:\/\/mathematicum.univ-pau.fr\/site\/wp-content\/uploads\/2015\/12\/kp-150x150.jpg\" alt=\"Nombres et g\u00e9om\u00e9trie\" width=\"150\" height=\"150\" srcset=\"https:\/\/mathematicum.univ-pau.fr\/site\/wp-content\/uploads\/2015\/12\/kp-150x150.jpg 150w, https:\/\/mathematicum.univ-pau.fr\/site\/wp-content\/uploads\/2015\/12\/kp-300x300.jpg 300w, https:\/\/mathematicum.univ-pau.fr\/site\/wp-content\/uploads\/2015\/12\/kp.jpg 380w\" sizes=\"auto, (max-width: 150px) 100vw, 150px\" \/><\/td>\n<\/tr>\n<\/tbody>\n<\/table>\n","protected":false},"excerpt":{"rendered":"<p>Les ateliers pour le cycle secondaire sont pr\u00e9vus pour une dur\u00e9e de 1 h \u00e0 3 h suivant le niveau de la classe et le temps disponible. Ils peuvent aussi se faire sur plusieurs s\u00e9ances. Origami : construction d&rsquo;objets g\u00e9om\u00e9triques en 3D Avec des feuilles de papier, s&rsquo;apliquer \u00e0 r\u00e9aliser des pliages pour construire des [&hellip;]<\/p>\n","protected":false},"author":1,"featured_media":0,"parent":0,"menu_order":0,"comment_status":"closed","ping_status":"closed","template":"","meta":{"_acf_changed":false,"footnotes":""},"class_list":["post-25","page","type-page","status-publish","hentry"],"acf":[],"_links":{"self":[{"href":"https:\/\/mathematicum.univ-pau.fr\/site\/wp-json\/wp\/v2\/pages\/25","targetHints":{"allow":["GET"]}}],"collection":[{"href":"https:\/\/mathematicum.univ-pau.fr\/site\/wp-json\/wp\/v2\/pages"}],"about":[{"href":"https:\/\/mathematicum.univ-pau.fr\/site\/wp-json\/wp\/v2\/types\/page"}],"author":[{"embeddable":true,"href":"https:\/\/mathematicum.univ-pau.fr\/site\/wp-json\/wp\/v2\/users\/1"}],"replies":[{"embeddable":true,"href":"https:\/\/mathematicum.univ-pau.fr\/site\/wp-json\/wp\/v2\/comments?post=25"}],"version-history":[{"count":6,"href":"https:\/\/mathematicum.univ-pau.fr\/site\/wp-json\/wp\/v2\/pages\/25\/revisions"}],"predecessor-version":[{"id":196,"href":"https:\/\/mathematicum.univ-pau.fr\/site\/wp-json\/wp\/v2\/pages\/25\/revisions\/196"}],"wp:attachment":[{"href":"https:\/\/mathematicum.univ-pau.fr\/site\/wp-json\/wp\/v2\/media?parent=25"}],"curies":[{"name":"wp","href":"https:\/\/api.w.org\/{rel}","templated":true}]}}