{"id":19,"date":"2015-12-15T22:22:11","date_gmt":"2015-12-15T21:22:11","guid":{"rendered":"http:\/\/mathematicum.univ-pau.fr\/wp\/?page_id=19"},"modified":"2018-11-07T19:28:02","modified_gmt":"2018-11-07T18:28:02","slug":"ateliers-maternelles-ecoles-primaires","status":"publish","type":"page","link":"https:\/\/mathematicum.univ-pau.fr\/site\/ateliers-maternelles-ecoles-primaires\/","title":{"rendered":"Ateliers pour maternelles et \u00e9coles primaires"},"content":{"rendered":"<p><img loading=\"lazy\" decoding=\"async\" class=\"alignright wp-image-183\" src=\"http:\/\/mathematicum.univ-pau.fr\/site\/wp-content\/uploads\/2015\/12\/ecole.jpg\" alt=\"Atelier \u00e9cole\" width=\"184\" height=\"263\" srcset=\"https:\/\/mathematicum.univ-pau.fr\/site\/wp-content\/uploads\/2015\/12\/ecole.jpg 303w, https:\/\/mathematicum.univ-pau.fr\/site\/wp-content\/uploads\/2015\/12\/ecole-210x300.jpg 210w\" sizes=\"auto, (max-width: 184px) 100vw, 184px\" \/>Nous mettons en place une s\u00e9rie d&rsquo;ateliers autour de notions math\u00e9matiques adapt\u00e9s aux enfants de la maternelle \u00e0 la primaire.<\/p>\n<p>Ces interventions sont comprises entre 30 minutes pour les petits et 1 h pour les plus grands.<\/p>\n<p>Pour demander une intervention dans votre classe (une ou plusieurs s\u00e9ances),\u00a0<a href=\"http:\/\/mathematicum.univ-pau.fr\/site\/contact\/\">contactez-nous<\/a>.<\/p>\n<h3>Quelques exemples d&rsquo;interventions<\/h3>\n<ul>\n<li>Les formes g\u00e9om\u00e9triques dans la nature<\/li>\n<li>Les sym\u00e9tries dans la nature<\/li>\n<li>La maison d&rsquo;un nombre : num\u00e9ration et formes g\u00e9om\u00e9triques<\/li>\n<li>Formes g\u00e9om\u00e9triques et tangram<\/li>\n<li>Mosa\u00efques, frises et pavages<\/li>\n<li>Formes g\u00e9om\u00e9triques en origami<\/li>\n<li>Les polygones et les poly\u00e8dres<\/li>\n<\/ul>\n<div id=\"attachment_1304\" style=\"width: 810px\" class=\"wp-caption aligncenter\"><img loading=\"lazy\" decoding=\"async\" aria-describedby=\"caption-attachment-1304\" class=\"wp-image-1304 size-full\" src=\"https:\/\/mathematicum.univ-pau.fr\/site\/wp-content\/uploads\/2018\/11\/Origami_idron_s.jpg\" alt=\"\" width=\"800\" height=\"668\" srcset=\"https:\/\/mathematicum.univ-pau.fr\/site\/wp-content\/uploads\/2018\/11\/Origami_idron_s.jpg 800w, https:\/\/mathematicum.univ-pau.fr\/site\/wp-content\/uploads\/2018\/11\/Origami_idron_s-150x125.jpg 150w, https:\/\/mathematicum.univ-pau.fr\/site\/wp-content\/uploads\/2018\/11\/Origami_idron_s-300x251.jpg 300w, https:\/\/mathematicum.univ-pau.fr\/site\/wp-content\/uploads\/2018\/11\/Origami_idron_s-624x521.jpg 624w\" sizes=\"auto, (max-width: 800px) 100vw, 800px\" \/><p id=\"caption-attachment-1304\" class=\"wp-caption-text\">Atelier origami, \u00e9cole d&rsquo;Idron<\/p><\/div>\n","protected":false},"excerpt":{"rendered":"<p>Nous mettons en place une s\u00e9rie d&rsquo;ateliers autour de notions math\u00e9matiques adapt\u00e9s aux enfants de la maternelle \u00e0 la primaire. Ces interventions sont comprises entre 30 minutes pour les petits et 1 h pour les plus grands. Pour demander une intervention dans votre classe (une ou plusieurs s\u00e9ances),\u00a0contactez-nous. Quelques exemples d&rsquo;interventions Les formes g\u00e9om\u00e9triques dans [&hellip;]<\/p>\n","protected":false},"author":1,"featured_media":0,"parent":0,"menu_order":0,"comment_status":"closed","ping_status":"closed","template":"","meta":{"_acf_changed":false,"footnotes":""},"class_list":["post-19","page","type-page","status-publish","hentry"],"acf":[],"_links":{"self":[{"href":"https:\/\/mathematicum.univ-pau.fr\/site\/wp-json\/wp\/v2\/pages\/19","targetHints":{"allow":["GET"]}}],"collection":[{"href":"https:\/\/mathematicum.univ-pau.fr\/site\/wp-json\/wp\/v2\/pages"}],"about":[{"href":"https:\/\/mathematicum.univ-pau.fr\/site\/wp-json\/wp\/v2\/types\/page"}],"author":[{"embeddable":true,"href":"https:\/\/mathematicum.univ-pau.fr\/site\/wp-json\/wp\/v2\/users\/1"}],"replies":[{"embeddable":true,"href":"https:\/\/mathematicum.univ-pau.fr\/site\/wp-json\/wp\/v2\/comments?post=19"}],"version-history":[{"count":12,"href":"https:\/\/mathematicum.univ-pau.fr\/site\/wp-json\/wp\/v2\/pages\/19\/revisions"}],"predecessor-version":[{"id":1306,"href":"https:\/\/mathematicum.univ-pau.fr\/site\/wp-json\/wp\/v2\/pages\/19\/revisions\/1306"}],"wp:attachment":[{"href":"https:\/\/mathematicum.univ-pau.fr\/site\/wp-json\/wp\/v2\/media?parent=19"}],"curies":[{"name":"wp","href":"https:\/\/api.w.org\/{rel}","templated":true}]}}